{"id":363,"date":"2020-03-10T21:16:55","date_gmt":"2020-03-10T21:16:55","guid":{"rendered":"https:\/\/startersites.io\/blocksy\/modern-shop\/?page_id=3"},"modified":"2026-02-02T18:37:05","modified_gmt":"2026-02-02T21:37:05","slug":"rapx-privacy-policy","status":"publish","type":"page","link":"https:\/\/rapix.top\/es\/rapx-privacy-policy\/","title":{"rendered":"Pol\u00edtica de privacidad"},"content":{"rendered":"<div data-elementor-type=\"wp-page\" data-elementor-id=\"363\" class=\"elementor elementor-363\" data-elementor-post-type=\"page\">\n\t\t\t\t<div class=\"elementor-element elementor-element-3aa53d6 e-flex e-con-boxed e-con e-parent\" data-id=\"3aa53d6\" data-element_type=\"container\" data-e-type=\"container\">\n\t\t\t\t\t<div class=\"e-con-inner\">\n\t\t\t\t<div class=\"elementor-element elementor-element-7cf1fa11 elementor-widget elementor-widget-text-editor\" data-id=\"7cf1fa11\" data-element_type=\"widget\" data-e-type=\"widget\" data-widget_type=\"text-editor.default\">\n\t\t\t\t\t\t\t\t\t\n<h2 data-start=\"114\" data-end=\"136\"><strong data-start=\"114\" data-end=\"136\">1. Responsable del tratamiento<\/strong><\/h2>\n<p data-start=\"138\" data-end=\"205\">RAPIX.TOP<br data-start=\"147\" data-end=\"150\" \/>Sitio web: rapix.top<br data-start=\"168\" data-end=\"171\" \/>Correo electr\u00f3nico de contacto: <a class=\"decorated-link cursor-pointer\" rel=\"noopener\" data-start=\"186\" data-end=\"203\">support@rapix.top<\/a><\/p>\n<h2 data-start=\"207\" data-end=\"219\"><strong data-start=\"207\" data-end=\"219\">2. Alcance<\/strong><\/h2>\n<p data-start=\"221\" data-end=\"329\">Esta Pol\u00edtica de Privacidad se aplica a todos los usuarios del sitio web, independientemente de su pa\u00eds o regi\u00f3n de residencia.<\/p>\n<h2 data-start=\"331\" data-end=\"360\"><strong data-start=\"331\" data-end=\"360\">3. Informaci\u00f3n que recopilamos<\/strong><\/h2>\n<p data-start=\"362\" data-end=\"428\">Podemos recopilar informaci\u00f3n personal, incluyendo, entre otros:<\/p>\n<ul data-start=\"430\" data-end=\"641\">\n<li data-start=\"430\" data-end=\"453\">\n<p data-start=\"432\" data-end=\"453\">Nombre(s) y apellido(s)<\/p>\n<\/li>\n<li data-start=\"454\" data-end=\"471\">\n<p data-start=\"456\" data-end=\"471\">Direcci\u00f3n de correo electr\u00f3nico<\/p>\n<\/li>\n<li data-start=\"472\" data-end=\"488\">\n<p data-start=\"474\" data-end=\"488\">N\u00famero de tel\u00e9fono<\/p>\n<\/li>\n<li data-start=\"489\" data-end=\"520\">\n<p data-start=\"491\" data-end=\"520\">Datos de facturaci\u00f3n y pago<\/p>\n<\/li>\n<li data-start=\"521\" data-end=\"567\">\n<p data-start=\"523\" data-end=\"567\">Informaci\u00f3n proporcionada a trav\u00e9s de formularios de contacto<\/p>\n<\/li>\n<li data-start=\"568\" data-end=\"641\">\n<p data-start=\"570\" data-end=\"641\">Datos t\u00e9cnicos como la direcci\u00f3n IP, el tipo de navegador y el sistema operativo<\/p>\n<\/li>\n<\/ul>\n<h2 data-start=\"643\" data-end=\"676\"><strong data-start=\"643\" data-end=\"676\">4. Finalidad del tratamiento de datos<\/strong><\/h2>\n<p data-start=\"678\" data-end=\"715\">La informaci\u00f3n recopilada se utiliza para:<\/p>\n<ul data-start=\"717\" data-end=\"1004\">\n<li data-start=\"717\" data-end=\"769\">\n<p data-start=\"719\" data-end=\"769\">Proveer y gestionar nuestros servicios de creaci\u00f3n de sitios web<\/p>\n<\/li>\n<li data-start=\"770\" data-end=\"820\">\n<p data-start=\"772\" data-end=\"820\">Responder a consultas, solicitudes y presupuestos<\/p>\n<\/li>\n<li data-start=\"821\" data-end=\"872\">\n<p data-start=\"823\" data-end=\"872\">Gestionar relaciones comerciales y contractuales<\/p>\n<\/li>\n<li data-start=\"873\" data-end=\"905\">\n<p data-start=\"875\" data-end=\"905\">Procesar pagos y facturaci\u00f3n<\/p>\n<\/li>\n<li data-start=\"906\" data-end=\"970\">\n<p data-start=\"908\" data-end=\"970\">Mejorar la funcionalidad, la seguridad y la experiencia del usuario del sitio web<\/p>\n<\/li>\n<li data-start=\"971\" data-end=\"1004\">\n<p data-start=\"973\" data-end=\"1004\">Cumplir con obligaciones legales<\/p>\n<\/li>\n<\/ul>\n<h2 data-start=\"1006\" data-end=\"1039\"><strong data-start=\"1006\" data-end=\"1039\">5. Base legal para el tratamiento<\/strong><\/h2>\n<p data-start=\"1041\" data-end=\"1075\">Tratamos los datos personales sobre la base de:<\/p>\n<ul data-start=\"1077\" data-end=\"1268\">\n<li data-start=\"1077\" data-end=\"1099\">\n<p data-start=\"1079\" data-end=\"1099\">El consentimiento del usuario<\/p>\n<\/li>\n<li data-start=\"1100\" data-end=\"1161\">\n<p data-start=\"1102\" data-end=\"1161\">La ejecuci\u00f3n de un contrato o medidas precontractuales<\/p>\n<\/li>\n<li data-start=\"1162\" data-end=\"1199\">\n<p data-start=\"1164\" data-end=\"1199\">El cumplimiento de obligaciones legales<\/p>\n<\/li>\n<li data-start=\"1200\" data-end=\"1268\">\n<p data-start=\"1202\" data-end=\"1268\">Nuestro inter\u00e9s leg\u00edtimo en mejorar y proteger nuestros servicios<\/p>\n<\/li>\n<\/ul>\n<h2 data-start=\"1270\" data-end=\"1291\"><strong data-start=\"1270\" data-end=\"1291\">6. Conservaci\u00f3n de los datos<\/strong><\/h2>\n<p data-start=\"1293\" data-end=\"1468\">Los datos personales se conservar\u00e1n \u00fanicamente durante el tiempo necesario para cumplir con las finalidades para las que fueron recopilados, o mientras exista una relaci\u00f3n comercial o una obligaci\u00f3n legal.<\/p>\n<h2 data-start=\"1470\" data-end=\"1497\"><strong data-start=\"1470\" data-end=\"1497\">7. Seguridad de la informaci\u00f3n<\/strong><\/h2>\n<p data-start=\"1499\" data-end=\"1656\">Adoptamos medidas t\u00e9cnicas y organizativas razonables para proteger los datos personales contra el acceso no autorizado, la p\u00e9rdida, la alteraci\u00f3n, la divulgaci\u00f3n o la destrucci\u00f3n.<\/p>\n<h2 data-start=\"1658\" data-end=\"1693\"><strong data-start=\"1658\" data-end=\"1693\">8. Transferencias internacionales de datos<\/strong><\/h2>\n<p data-start=\"1695\" data-end=\"1926\">Debido al car\u00e1cter global de nuestros servicios, los datos pueden ser almacenados o procesados en servidores ubicados fuera del pa\u00eds de residencia del usuario. En todos los casos, garantizamos niveles adecuados de protecci\u00f3n de acuerdo con los est\u00e1ndares internacionales.<\/p>\n<h2 data-start=\"1928\" data-end=\"1949\"><strong data-start=\"1928\" data-end=\"1949\">9. Uso de cookies<\/strong><\/h2>\n<p data-start=\"1951\" data-end=\"2005\">Este sitio web utiliza cookies y tecnolog\u00edas similares para:<\/p>\n<ul data-start=\"2007\" data-end=\"2076\">\n<li data-start=\"2007\" data-end=\"2032\">\n<p data-start=\"2009\" data-end=\"2032\">Analizar el uso del sitio web<\/p>\n<\/li>\n<li data-start=\"2033\" data-end=\"2076\">\n<p data-start=\"2035\" data-end=\"2076\">Mejorar el rendimiento y la experiencia del usuario<\/p>\n<\/li>\n<\/ul>\n<p data-start=\"2078\" data-end=\"2168\">Los usuarios pueden configurar su navegador para aceptar o rechazar cookies, o eliminarlas en cualquier momento.<\/p>\n<h2 data-start=\"2170\" data-end=\"2216\"><strong data-start=\"2170\" data-end=\"2216\">10. Compartici\u00f3n de informaci\u00f3n con terceros<\/strong><\/h2>\n<p data-start=\"2218\" data-end=\"2293\">No vendemos ni alquilamos datos personales.<br data-start=\"2255\" data-end=\"2258\" \/>Podemos compartir informaci\u00f3n \u00fanicamente con:<\/p>\n<ul data-start=\"2295\" data-end=\"2431\">\n<li data-start=\"2295\" data-end=\"2388\">\n<p data-start=\"2297\" data-end=\"2388\">Proveedores de servicios tecnol\u00f3gicos (hosting, correo electr\u00f3nico, pagos), bajo acuerdos de confidencialidad<\/p>\n<\/li>\n<li data-start=\"2389\" data-end=\"2431\">\n<p data-start=\"2391\" data-end=\"2431\">Autoridades legales cuando as\u00ed lo exija la ley<\/p>\n<\/li>\n<\/ul>\n<h2 data-start=\"2433\" data-end=\"2452\"><strong data-start=\"2433\" data-end=\"2452\">11. Derechos del usuario<\/strong><\/h2>\n<p data-start=\"2454\" data-end=\"2495\">Los usuarios, independientemente de su ubicaci\u00f3n, pueden:<\/p>\n<ul data-start=\"2497\" data-end=\"2685\">\n<li data-start=\"2497\" data-end=\"2527\">\n<p data-start=\"2499\" data-end=\"2527\">Acceder a sus datos personales<\/p>\n<\/li>\n<li data-start=\"2528\" data-end=\"2575\">\n<p data-start=\"2530\" data-end=\"2575\">Solicitar la correcci\u00f3n o actualizaci\u00f3n de sus datos<\/p>\n<\/li>\n<li data-start=\"2576\" data-end=\"2610\">\n<p data-start=\"2578\" data-end=\"2610\">Solicitar la eliminaci\u00f3n de sus datos<\/p>\n<\/li>\n<li data-start=\"2611\" data-end=\"2652\">\n<p data-start=\"2613\" data-end=\"2652\">Limitar u oponerse al tratamiento de los datos<\/p>\n<\/li>\n<li data-start=\"2653\" data-end=\"2685\">\n<p data-start=\"2655\" data-end=\"2685\">Retirar su consentimiento en cualquier momento<\/p>\n<\/li>\n<\/ul>\n<p data-start=\"2687\" data-end=\"2754\">Las solicitudes pueden enviarse a la direcci\u00f3n de correo electr\u00f3nico indicada en esta pol\u00edtica.<\/p>\n<h2 data-start=\"2756\" data-end=\"2779\"><strong data-start=\"2756\" data-end=\"2779\">12. Privacidad de los menores<\/strong><\/h2>\n<p data-start=\"2781\" data-end=\"2910\">Nuestros servicios no est\u00e1n dirigidos a personas menores de 16 a\u00f1os. No recopilamos intencionalmente informaci\u00f3n personal de menores.<\/p>\n<h2 data-start=\"2912\" data-end=\"2946\"><strong data-start=\"2912\" data-end=\"2946\">13. Enlaces a sitios web externos<\/strong><\/h2>\n<p data-start=\"2948\" data-end=\"3066\">Este sitio web puede contener enlaces a sitios web de terceros. No somos responsables de sus pr\u00e1cticas de privacidad ni de su contenido.<\/p>\n<h2 data-start=\"3068\" data-end=\"3098\"><strong data-start=\"3068\" data-end=\"3098\">14. Cambios en esta pol\u00edtica<\/strong><\/h2>\n<p data-start=\"3100\" data-end=\"3221\">Nos reservamos el derecho de modificar esta Pol\u00edtica de Privacidad en cualquier momento. Los cambios entrar\u00e1n en vigor a partir de su publicaci\u00f3n en el sitio web.<\/p>\n<h2 data-start=\"3223\" data-end=\"3241\"><strong data-start=\"3223\" data-end=\"3241\">15. Aceptaci\u00f3n<\/strong><\/h2>\n<p data-start=\"3243\" data-end=\"3313\">El uso de este sitio web implica la aceptaci\u00f3n expresa de esta Pol\u00edtica de Privacidad.<\/p>\n\t\t\t\t\t\t\t\t<\/div>\n\t\t\t\t\t<\/div>\n\t\t\t\t<\/div>\n\t\t\t\t<\/div>","protected":false},"excerpt":{"rendered":"<p>1. Data Controller RAPIX.TOPWebsite: rapix.topContact email: support@rapix.top 2. Scope This Privacy Policy applies to all users of the website, regardless of their country or region of residence. 3. Information We Collect We may collect personal information, including but not limited to: First and last name Email address Phone number Billing and payment details Information provided [&hellip;]<\/p>\n","protected":false},"author":2,"featured_media":0,"parent":0,"menu_order":0,"comment_status":"closed","ping_status":"closed","template":"","meta":{"footnotes":""},"class_list":["post-363","page","type-page","status-publish","hentry"],"blocksy_meta":{"styles_descriptor":{"styles":{"desktop":"","tablet":"","mobile":""},"google_fonts":[],"version":6}},"aioseo_notices":[],"_links":{"self":[{"href":"https:\/\/rapix.top\/es\/wp-json\/wp\/v2\/pages\/363","targetHints":{"allow":["GET"]}}],"collection":[{"href":"https:\/\/rapix.top\/es\/wp-json\/wp\/v2\/pages"}],"about":[{"href":"https:\/\/rapix.top\/es\/wp-json\/wp\/v2\/types\/page"}],"author":[{"embeddable":true,"href":"https:\/\/rapix.top\/es\/wp-json\/wp\/v2\/users\/2"}],"replies":[{"embeddable":true,"href":"https:\/\/rapix.top\/es\/wp-json\/wp\/v2\/comments?post=363"}],"version-history":[{"count":18,"href":"https:\/\/rapix.top\/es\/wp-json\/wp\/v2\/pages\/363\/revisions"}],"predecessor-version":[{"id":2722,"href":"https:\/\/rapix.top\/es\/wp-json\/wp\/v2\/pages\/363\/revisions\/2722"}],"wp:attachment":[{"href":"https:\/\/rapix.top\/es\/wp-json\/wp\/v2\/media?parent=363"}],"curies":[{"name":"wp","href":"https:\/\/api.w.org\/{rel}","templated":true}]}}